{"id":439,"date":"2020-10-11T14:52:26","date_gmt":"2020-10-11T14:52:26","guid":{"rendered":"http:\/\/nathanghali.com\/?page_id=439"},"modified":"2024-02-12T15:22:35","modified_gmt":"2024-02-12T15:22:35","slug":"fete-decole-09","status":"publish","type":"page","link":"https:\/\/nathanghali.com\/en\/fete-decole-09\/","title":{"rendered":"fete d&rsquo;ecole 09"},"content":{"rendered":"<div data-elementor-type=\"wp-page\" data-elementor-id=\"439\" class=\"elementor elementor-439\">\n\t\t\t\t\t\t<section class=\"elementor-section elementor-top-section elementor-element elementor-element-9b5a6e0 elementor-section-boxed elementor-section-height-default elementor-section-height-default\" data-id=\"9b5a6e0\" data-element_type=\"section\">\n\t\t\t\t\t\t<div class=\"elementor-container elementor-column-gap-default\">\n\t\t\t\t\t<div class=\"elementor-column elementor-col-100 elementor-top-column elementor-element elementor-element-77f4eee\" data-id=\"77f4eee\" data-element_type=\"column\">\n\t\t\t<div class=\"elementor-widget-wrap elementor-element-populated\">\n\t\t\t\t\t\t<div class=\"elementor-element elementor-element-e992f5a elementor-widget elementor-widget-spacer\" data-id=\"e992f5a\" data-element_type=\"widget\" data-widget_type=\"spacer.default\">\n\t\t\t\t<div class=\"elementor-widget-container\">\n\t\t\t\t\t<div class=\"elementor-spacer\">\n\t\t\t<div class=\"elementor-spacer-inner\"><\/div>\n\t\t<\/div>\n\t\t\t\t<\/div>\n\t\t\t\t<\/div>\n\t\t\t\t\t<\/div>\n\t\t<\/div>\n\t\t\t\t\t<\/div>\n\t\t<\/section>\n\t\t\t\t<section class=\"elementor-section elementor-top-section elementor-element elementor-element-8bded19 elementor-section-stretched elementor-section-boxed elementor-section-height-default elementor-section-height-default\" data-id=\"8bded19\" data-element_type=\"section\" data-settings=\"{&quot;stretch_section&quot;:&quot;section-stretched&quot;}\">\n\t\t\t\t\t\t<div class=\"elementor-container elementor-column-gap-default\">\n\t\t\t\t\t<div class=\"elementor-column elementor-col-50 elementor-top-column elementor-element elementor-element-61a4e50\" data-id=\"61a4e50\" data-element_type=\"column\">\n\t\t\t<div class=\"elementor-widget-wrap elementor-element-populated\">\n\t\t\t\t\t\t<div class=\"elementor-element elementor-element-b278169 elementor-widget elementor-widget-image\" data-id=\"b278169\" data-element_type=\"widget\" data-widget_type=\"image.default\">\n\t\t\t\t<div class=\"elementor-widget-container\">\n\t\t\t\t\t\t\t\t\t\t\t\t\t<img fetchpriority=\"high\" decoding=\"async\" width=\"2560\" height=\"1440\" src=\"https:\/\/nathanghali.com\/wp-content\/uploads\/2020\/10\/expo2-scaled.jpg\" class=\"attachment-full size-full wp-image-495\" alt=\"\" srcset=\"https:\/\/nathanghali.com\/wp-content\/uploads\/2020\/10\/expo2-scaled.jpg 2560w, https:\/\/nathanghali.com\/wp-content\/uploads\/2020\/10\/expo2-scaled-600x338.jpg 600w, https:\/\/nathanghali.com\/wp-content\/uploads\/2020\/10\/expo2-300x169.jpg 300w, https:\/\/nathanghali.com\/wp-content\/uploads\/2020\/10\/expo2-1024x576.jpg 1024w, https:\/\/nathanghali.com\/wp-content\/uploads\/2020\/10\/expo2-768x432.jpg 768w, https:\/\/nathanghali.com\/wp-content\/uploads\/2020\/10\/expo2-500x281.jpg 500w, https:\/\/nathanghali.com\/wp-content\/uploads\/2020\/10\/expo2-800x450.jpg 800w, https:\/\/nathanghali.com\/wp-content\/uploads\/2020\/10\/expo2-1280x720.jpg 1280w, https:\/\/nathanghali.com\/wp-content\/uploads\/2020\/10\/expo2-1920x1080.jpg 1920w, https:\/\/nathanghali.com\/wp-content\/uploads\/2020\/10\/expo2-1536x864.jpg 1536w, https:\/\/nathanghali.com\/wp-content\/uploads\/2020\/10\/expo2-2048x1152.jpg 2048w\" sizes=\"(max-width: 2560px) 100vw, 2560px\" \/>\t\t\t\t\t\t\t\t\t\t\t\t\t<\/div>\n\t\t\t\t<\/div>\n\t\t\t\t\t<\/div>\n\t\t<\/div>\n\t\t\t\t<div class=\"elementor-column elementor-col-50 elementor-top-column elementor-element elementor-element-6f3bff9\" data-id=\"6f3bff9\" data-element_type=\"column\">\n\t\t\t<div class=\"elementor-widget-wrap elementor-element-populated\">\n\t\t\t\t\t\t<div class=\"elementor-element elementor-element-60ccd9f elementor-widget elementor-widget-heading\" data-id=\"60ccd9f\" data-element_type=\"widget\" data-widget_type=\"heading.default\">\n\t\t\t\t<div class=\"elementor-widget-container\">\n\t\t\t<h2 class=\"elementor-heading-title elementor-size-default\">fete d'ecole 09<\/h2>\t\t<\/div>\n\t\t\t\t<\/div>\n\t\t\t\t<div class=\"elementor-element elementor-element-68958e0 elementor-widget__width-initial elementor-widget elementor-widget-text-editor\" data-id=\"68958e0\" data-element_type=\"widget\" data-widget_type=\"text-editor.default\">\n\t\t\t\t<div class=\"elementor-widget-container\">\n\t\t\t\t\t\t\t<p style=\"text-align: right;\"><span style=\"color: #000000;\">2020<\/span><br \/><span style=\"color: #000000;\">3D video, digital pictures<\/span><br \/><span style=\"color: #000000;\">02&Prime;<\/span><\/p>\t\t\t\t\t\t<\/div>\n\t\t\t\t<\/div>\n\t\t\t\t<div class=\"elementor-element elementor-element-14843fb elementor-widget elementor-widget-text-editor\" data-id=\"14843fb\" data-element_type=\"widget\" data-widget_type=\"text-editor.default\">\n\t\t\t\t<div class=\"elementor-widget-container\">\n\t\t\t\t\t\t\t<p class=\" translation-block\"><br><span style=\"color: #000000\">I found photos I had taken in 2009 at my CM2 (5th grade) school party in Vend\u00e9e.<\/p><p><span style=\"color: #000000;\">In February 2020, I returned to the location of that school party, where I had spent some moments of my childhood. Nathan 3D wanted to try to remember it as best as he could.<\/span><\/p>\t\t\t\t\t\t<\/div>\n\t\t\t\t<\/div>\n\t\t\t\t\t<\/div>\n\t\t<\/div>\n\t\t\t\t\t<\/div>\n\t\t<\/section>\n\t\t\t\t<section class=\"elementor-section elementor-top-section elementor-element elementor-element-40f0010 elementor-section-boxed elementor-section-height-default elementor-section-height-default\" data-id=\"40f0010\" data-element_type=\"section\">\n\t\t\t\t\t\t<div class=\"elementor-container elementor-column-gap-default\">\n\t\t\t\t\t<div class=\"elementor-column elementor-col-100 elementor-top-column elementor-element elementor-element-4272752\" data-id=\"4272752\" data-element_type=\"column\">\n\t\t\t<div class=\"elementor-widget-wrap elementor-element-populated\">\n\t\t\t\t\t\t<div class=\"elementor-element elementor-element-688c8dc elementor-widget elementor-widget-video\" data-id=\"688c8dc\" data-element_type=\"widget\" data-settings=\"{&quot;video_type&quot;:&quot;vimeo&quot;}\" data-widget_type=\"video.default\">\n\t\t\t\t<div class=\"elementor-widget-container\">\n\t\t\t\t\t<div class=\"elementor-wrapper elementor-open-inline\">\n\t\t\t<iframe class=\"elementor-video-iframe\" allowfullscreen allow=\"clipboard-write\" title=\"vimeo Video Player\" src=\"https:\/\/player.vimeo.com\/video\/467508523?color&amp;autopause=0&amp;loop=0&amp;muted=0&amp;title=0&amp;portrait=0&amp;byline=0#t=\"><\/iframe>\t\t<\/div>\n\t\t\t\t<\/div>\n\t\t\t\t<\/div>\n\t\t\t\t\t<\/div>\n\t\t<\/div>\n\t\t\t\t\t<\/div>\n\t\t<\/section>\n\t\t\t\t<section class=\"elementor-section elementor-top-section elementor-element elementor-element-bead6db elementor-section-boxed elementor-section-height-default elementor-section-height-default\" data-id=\"bead6db\" data-element_type=\"section\">\n\t\t\t\t\t\t<div class=\"elementor-container elementor-column-gap-default\">\n\t\t\t\t\t<div class=\"elementor-column elementor-col-50 elementor-top-column elementor-element elementor-element-5005254\" data-id=\"5005254\" data-element_type=\"column\">\n\t\t\t<div class=\"elementor-widget-wrap elementor-element-populated\">\n\t\t\t\t\t\t<div class=\"elementor-element elementor-element-8e8586b elementor-widget elementor-widget-image\" data-id=\"8e8586b\" data-element_type=\"widget\" data-widget_type=\"image.default\">\n\t\t\t\t<div class=\"elementor-widget-container\">\n\t\t\t\t\t\t\t\t\t\t\t\t\t<img decoding=\"async\" width=\"1600\" height=\"1200\" src=\"https:\/\/nathanghali.com\/wp-content\/uploads\/2020\/10\/P1010302.jpg\" class=\"attachment-full size-full wp-image-453\" alt=\"\" srcset=\"https:\/\/nathanghali.com\/wp-content\/uploads\/2020\/10\/P1010302.jpg 1600w, https:\/\/nathanghali.com\/wp-content\/uploads\/2020\/10\/P1010302-600x450.jpg 600w, https:\/\/nathanghali.com\/wp-content\/uploads\/2020\/10\/P1010302-300x225.jpg 300w, https:\/\/nathanghali.com\/wp-content\/uploads\/2020\/10\/P1010302-1024x768.jpg 1024w, https:\/\/nathanghali.com\/wp-content\/uploads\/2020\/10\/P1010302-768x576.jpg 768w, https:\/\/nathanghali.com\/wp-content\/uploads\/2020\/10\/P1010302-500x375.jpg 500w, https:\/\/nathanghali.com\/wp-content\/uploads\/2020\/10\/P1010302-800x600.jpg 800w, https:\/\/nathanghali.com\/wp-content\/uploads\/2020\/10\/P1010302-1280x960.jpg 1280w, https:\/\/nathanghali.com\/wp-content\/uploads\/2020\/10\/P1010302-1536x1152.jpg 1536w\" sizes=\"(max-width: 1600px) 100vw, 1600px\" \/>\t\t\t\t\t\t\t\t\t\t\t\t\t<\/div>\n\t\t\t\t<\/div>\n\t\t\t\t\t<\/div>\n\t\t<\/div>\n\t\t\t\t<div class=\"elementor-column elementor-col-50 elementor-top-column elementor-element elementor-element-6def557\" data-id=\"6def557\" data-element_type=\"column\">\n\t\t\t<div class=\"elementor-widget-wrap elementor-element-populated\">\n\t\t\t\t\t\t<div class=\"elementor-element elementor-element-c273409 elementor-widget elementor-widget-image\" data-id=\"c273409\" data-element_type=\"widget\" data-widget_type=\"image.default\">\n\t\t\t\t<div class=\"elementor-widget-container\">\n\t\t\t\t\t\t\t\t\t\t\t\t\t<img decoding=\"async\" width=\"1200\" height=\"1600\" src=\"https:\/\/nathanghali.com\/wp-content\/uploads\/2020\/10\/P1010289-rotated.jpg\" class=\"attachment-full size-full wp-image-456\" alt=\"\" srcset=\"https:\/\/nathanghali.com\/wp-content\/uploads\/2020\/10\/P1010289-rotated.jpg 1200w, https:\/\/nathanghali.com\/wp-content\/uploads\/2020\/10\/P1010289-600x800.jpg 600w, https:\/\/nathanghali.com\/wp-content\/uploads\/2020\/10\/P1010289-225x300.jpg 225w, https:\/\/nathanghali.com\/wp-content\/uploads\/2020\/10\/P1010289-768x1024.jpg 768w, https:\/\/nathanghali.com\/wp-content\/uploads\/2020\/10\/P1010289-375x500.jpg 375w, https:\/\/nathanghali.com\/wp-content\/uploads\/2020\/10\/P1010289-960x1280.jpg 960w, https:\/\/nathanghali.com\/wp-content\/uploads\/2020\/10\/P1010289-1152x1536.jpg 1152w\" sizes=\"(max-width: 1200px) 100vw, 1200px\" \/>\t\t\t\t\t\t\t\t\t\t\t\t\t<\/div>\n\t\t\t\t<\/div>\n\t\t\t\t\t<\/div>\n\t\t<\/div>\n\t\t\t\t\t<\/div>\n\t\t<\/section>\n\t\t\t\t<section class=\"elementor-section elementor-top-section elementor-element elementor-element-a8243b1 elementor-section-boxed elementor-section-height-default elementor-section-height-default\" data-id=\"a8243b1\" data-element_type=\"section\">\n\t\t\t\t\t\t<div class=\"elementor-container elementor-column-gap-default\">\n\t\t\t\t\t<div class=\"elementor-column elementor-col-50 elementor-top-column elementor-element elementor-element-30a923c\" data-id=\"30a923c\" data-element_type=\"column\">\n\t\t\t<div class=\"elementor-widget-wrap elementor-element-populated\">\n\t\t\t\t\t\t<div class=\"elementor-element elementor-element-9c14dd3 elementor-widget elementor-widget-image\" data-id=\"9c14dd3\" data-element_type=\"widget\" data-widget_type=\"image.default\">\n\t\t\t\t<div class=\"elementor-widget-container\">\n\t\t\t\t\t\t\t\t\t\t\t\t\t<img loading=\"lazy\" decoding=\"async\" width=\"1600\" height=\"1200\" src=\"https:\/\/nathanghali.com\/wp-content\/uploads\/2020\/10\/P1010291.jpg\" class=\"attachment-full size-full wp-image-455\" alt=\"\" srcset=\"https:\/\/nathanghali.com\/wp-content\/uploads\/2020\/10\/P1010291.jpg 1600w, https:\/\/nathanghali.com\/wp-content\/uploads\/2020\/10\/P1010291-600x450.jpg 600w, https:\/\/nathanghali.com\/wp-content\/uploads\/2020\/10\/P1010291-300x225.jpg 300w, https:\/\/nathanghali.com\/wp-content\/uploads\/2020\/10\/P1010291-1024x768.jpg 1024w, https:\/\/nathanghali.com\/wp-content\/uploads\/2020\/10\/P1010291-768x576.jpg 768w, https:\/\/nathanghali.com\/wp-content\/uploads\/2020\/10\/P1010291-500x375.jpg 500w, https:\/\/nathanghali.com\/wp-content\/uploads\/2020\/10\/P1010291-800x600.jpg 800w, https:\/\/nathanghali.com\/wp-content\/uploads\/2020\/10\/P1010291-1280x960.jpg 1280w, https:\/\/nathanghali.com\/wp-content\/uploads\/2020\/10\/P1010291-1536x1152.jpg 1536w\" sizes=\"(max-width: 1600px) 100vw, 1600px\" \/>\t\t\t\t\t\t\t\t\t\t\t\t\t<\/div>\n\t\t\t\t<\/div>\n\t\t\t\t\t<\/div>\n\t\t<\/div>\n\t\t\t\t<div class=\"elementor-column elementor-col-50 elementor-top-column elementor-element elementor-element-c0db3f1\" data-id=\"c0db3f1\" data-element_type=\"column\">\n\t\t\t<div class=\"elementor-widget-wrap elementor-element-populated\">\n\t\t\t\t\t\t<div class=\"elementor-element elementor-element-97e02a8 elementor-widget elementor-widget-image\" data-id=\"97e02a8\" data-element_type=\"widget\" data-widget_type=\"image.default\">\n\t\t\t\t<div class=\"elementor-widget-container\">\n\t\t\t\t\t\t\t\t\t\t\t\t\t<img loading=\"lazy\" decoding=\"async\" width=\"1600\" height=\"1200\" src=\"https:\/\/nathanghali.com\/wp-content\/uploads\/2020\/10\/P1010293.jpg\" class=\"attachment-full size-full wp-image-454\" alt=\"\" srcset=\"https:\/\/nathanghali.com\/wp-content\/uploads\/2020\/10\/P1010293.jpg 1600w, https:\/\/nathanghali.com\/wp-content\/uploads\/2020\/10\/P1010293-600x450.jpg 600w, https:\/\/nathanghali.com\/wp-content\/uploads\/2020\/10\/P1010293-300x225.jpg 300w, https:\/\/nathanghali.com\/wp-content\/uploads\/2020\/10\/P1010293-1024x768.jpg 1024w, https:\/\/nathanghali.com\/wp-content\/uploads\/2020\/10\/P1010293-768x576.jpg 768w, https:\/\/nathanghali.com\/wp-content\/uploads\/2020\/10\/P1010293-500x375.jpg 500w, https:\/\/nathanghali.com\/wp-content\/uploads\/2020\/10\/P1010293-800x600.jpg 800w, https:\/\/nathanghali.com\/wp-content\/uploads\/2020\/10\/P1010293-1280x960.jpg 1280w, https:\/\/nathanghali.com\/wp-content\/uploads\/2020\/10\/P1010293-1536x1152.jpg 1536w\" sizes=\"(max-width: 1600px) 100vw, 1600px\" \/>\t\t\t\t\t\t\t\t\t\t\t\t\t<\/div>\n\t\t\t\t<\/div>\n\t\t\t\t\t<\/div>\n\t\t<\/div>\n\t\t\t\t\t<\/div>\n\t\t<\/section>\n\t\t\t\t<section class=\"elementor-section elementor-top-section elementor-element elementor-element-733856b elementor-section-boxed elementor-section-height-default elementor-section-height-default\" data-id=\"733856b\" data-element_type=\"section\">\n\t\t\t\t\t\t<div class=\"elementor-container elementor-column-gap-default\">\n\t\t\t\t\t<div class=\"elementor-column elementor-col-100 elementor-top-column elementor-element elementor-element-251a69b\" data-id=\"251a69b\" data-element_type=\"column\">\n\t\t\t<div class=\"elementor-widget-wrap elementor-element-populated\">\n\t\t\t\t\t\t<div class=\"elementor-element elementor-element-cb5181c elementor-widget elementor-widget-text-editor\" data-id=\"cb5181c\" data-element_type=\"widget\" data-widget_type=\"text-editor.default\">\n\t\t\t\t<div class=\"elementor-widget-container\">\n\t\t\t\t\t\t\t<p><span style=\"color: #000000;\">Credits<\/span><\/p><p><span style=\"color: #000000;\">Photography : Nathan 2009<\/span><\/p><p><span style=\"color: #000000;\">Video and exhibition : Nathan Ghali<\/span><\/p><p><span style=\"color: #000000;\">Voiceover : Nathan 3D<\/span><\/p>\t\t\t\t\t\t<\/div>\n\t\t\t\t<\/div>\n\t\t\t\t\t<\/div>\n\t\t<\/div>\n\t\t\t\t\t<\/div>\n\t\t<\/section>\n\t\t\t\t<\/div>","protected":false},"excerpt":{"rendered":"<p>fete d&rsquo;ecole 09 2020Vid\u00e9o 3D, photographies num\u00e9riques02&Prime; J&rsquo;ai retrouv\u00e9 des photos que j&rsquo;avais prises en [&hellip;]<\/p>","protected":false},"author":1,"featured_media":0,"parent":0,"menu_order":0,"comment_status":"closed","ping_status":"closed","template":"template-page-builder.php","meta":[],"_links":{"self":[{"href":"https:\/\/nathanghali.com\/en\/wp-json\/wp\/v2\/pages\/439"}],"collection":[{"href":"https:\/\/nathanghali.com\/en\/wp-json\/wp\/v2\/pages"}],"about":[{"href":"https:\/\/nathanghali.com\/en\/wp-json\/wp\/v2\/types\/page"}],"author":[{"embeddable":true,"href":"https:\/\/nathanghali.com\/en\/wp-json\/wp\/v2\/users\/1"}],"replies":[{"embeddable":true,"href":"https:\/\/nathanghali.com\/en\/wp-json\/wp\/v2\/comments?post=439"}],"version-history":[{"count":70,"href":"https:\/\/nathanghali.com\/en\/wp-json\/wp\/v2\/pages\/439\/revisions"}],"predecessor-version":[{"id":2089,"href":"https:\/\/nathanghali.com\/en\/wp-json\/wp\/v2\/pages\/439\/revisions\/2089"}],"wp:attachment":[{"href":"https:\/\/nathanghali.com\/en\/wp-json\/wp\/v2\/media?parent=439"}],"curies":[{"name":"wp","href":"https:\/\/api.w.org\/{rel}","templated":true}]}}