{"id":1545,"date":"2022-12-04T00:45:50","date_gmt":"2022-12-04T00:45:50","guid":{"rendered":"http:\/\/nathanghali.com\/?page_id=1545"},"modified":"2024-02-12T15:20:26","modified_gmt":"2024-02-12T15:20:26","slug":"fichier-melange-temporaire","status":"publish","type":"page","link":"https:\/\/nathanghali.com\/en\/fichier-melange-temporaire\/","title":{"rendered":"Fichier m\u00e9lange temporaire"},"content":{"rendered":"<div data-elementor-type=\"wp-page\" data-elementor-id=\"1545\" class=\"elementor elementor-1545\">\n\t\t\t\t\t\t<section class=\"elementor-section elementor-top-section elementor-element elementor-element-fd6b665 elementor-section-boxed elementor-section-height-default elementor-section-height-default\" data-id=\"fd6b665\" data-element_type=\"section\">\n\t\t\t\t\t\t<div class=\"elementor-container elementor-column-gap-default\">\n\t\t\t\t\t<div class=\"elementor-column elementor-col-50 elementor-top-column elementor-element elementor-element-dfb4368\" data-id=\"dfb4368\" data-element_type=\"column\">\n\t\t\t<div class=\"elementor-widget-wrap elementor-element-populated\">\n\t\t\t\t\t\t<div class=\"elementor-element elementor-element-0861907 elementor-widget elementor-widget-video\" data-id=\"0861907\" data-element_type=\"widget\" data-settings=\"{&quot;video_type&quot;:&quot;vimeo&quot;,&quot;show_image_overlay&quot;:&quot;yes&quot;,&quot;image_overlay&quot;:{&quot;url&quot;:&quot;http:\\\/\\\/nathanghali.com\\\/wp-content\\\/uploads\\\/2022\\\/12\\\/vlcsnap-2021-11-25-16h07m20s912.png&quot;,&quot;id&quot;:1519,&quot;size&quot;:&quot;&quot;,&quot;alt&quot;:&quot;&quot;,&quot;source&quot;:&quot;library&quot;}}\" data-widget_type=\"video.default\">\n\t\t\t\t<div class=\"elementor-widget-container\">\n\t\t\t\t\t<div class=\"elementor-wrapper elementor-open-inline\">\n\t\t\t<iframe class=\"elementor-video-iframe\" allowfullscreen allow=\"clipboard-write\" title=\"vimeo Video Player\" src=\"https:\/\/player.vimeo.com\/video\/631191069?color&amp;autopause=0&amp;loop=0&amp;muted=0&amp;title=0&amp;portrait=0&amp;byline=0#t=\"><\/iframe>\t\t\t\t<div class=\"elementor-custom-embed-image-overlay\" style=\"background-image: url(https:\/\/nathanghali.com\/wp-content\/uploads\/2022\/12\/vlcsnap-2021-11-25-16h07m20s912.png);\">\n\t\t\t\t\t\t\t\t\t\t\t\t\t\t\t\t<div class=\"elementor-custom-embed-play\" role=\"button\" aria-label=\"Play Video\" tabindex=\"0\">\n\t\t\t\t\t\t\t<i aria-hidden=\"true\" class=\"fas fa-play\"><\/i>\t\t\t\t\t\t\t<span class=\"elementor-screen-only\">Play Video<\/span>\n\t\t\t\t\t\t<\/div>\n\t\t\t\t\t\t\t\t\t<\/div>\n\t\t\t\t\t<\/div>\n\t\t\t\t<\/div>\n\t\t\t\t<\/div>\n\t\t\t\t\t<\/div>\n\t\t<\/div>\n\t\t\t\t<div class=\"elementor-column elementor-col-50 elementor-top-column elementor-element elementor-element-e15ca26\" data-id=\"e15ca26\" data-element_type=\"column\">\n\t\t\t<div class=\"elementor-widget-wrap elementor-element-populated\">\n\t\t\t\t\t\t<div class=\"elementor-element elementor-element-034c354 elementor-widget elementor-widget-heading\" data-id=\"034c354\" data-element_type=\"widget\" data-widget_type=\"heading.default\">\n\t\t\t\t<div class=\"elementor-widget-container\">\n\t\t\t<h2 class=\"elementor-heading-title elementor-size-default\">fichier m\u00e9lange temporaire<\/h2>\t\t<\/div>\n\t\t\t\t<\/div>\n\t\t\t\t<div class=\"elementor-element elementor-element-8bafa12 elementor-widget__width-initial elementor-widget elementor-widget-text-editor\" data-id=\"8bafa12\" data-element_type=\"widget\" data-widget_type=\"text-editor.default\">\n\t\t\t\t<div class=\"elementor-widget-container\">\n\t\t\t\t\t\t\t<p style=\"text-align: right;\"><span style=\"color: #000000;\"><span dir=\"ltr\" role=\"presentation\">2021<br \/>3D Short film<br \/><\/span>06&Prime;<\/span><\/p><p class=\" translation-block\"><br><span style=\"color: #000000\">I\u2019ve moved to Cergy. My room, albeit temporary, is small. I\u2019m lacking space, needing to measure everything meticulously and organize well. The storage capacity is limited. I enjoy measuring, I enjoy counting, but I miss my old room. I gaze at my room, the place where I spend all my time, from every angle. I dissect this space. I wish I could enlarge it just like I can expand the storage capacity of my computer.<\/p>\t\t\t\t\t\t<\/div>\n\t\t\t\t<\/div>\n\t\t\t\t\t<\/div>\n\t\t<\/div>\n\t\t\t\t\t<\/div>\n\t\t<\/section>\n\t\t\t\t<section class=\"elementor-section elementor-top-section elementor-element elementor-element-d01ffe2 elementor-section-boxed elementor-section-height-default elementor-section-height-default\" data-id=\"d01ffe2\" data-element_type=\"section\">\n\t\t\t\t\t\t<div class=\"elementor-container elementor-column-gap-default\">\n\t\t\t\t\t<div class=\"elementor-column elementor-col-100 elementor-top-column elementor-element elementor-element-34999e2\" data-id=\"34999e2\" data-element_type=\"column\">\n\t\t\t<div class=\"elementor-widget-wrap elementor-element-populated\">\n\t\t\t\t\t\t<div class=\"elementor-element elementor-element-c835794 elementor-widget elementor-widget-spacer\" data-id=\"c835794\" data-element_type=\"widget\" data-widget_type=\"spacer.default\">\n\t\t\t\t<div class=\"elementor-widget-container\">\n\t\t\t\t\t<div class=\"elementor-spacer\">\n\t\t\t<div class=\"elementor-spacer-inner\"><\/div>\n\t\t<\/div>\n\t\t\t\t<\/div>\n\t\t\t\t<\/div>\n\t\t\t\t\t<\/div>\n\t\t<\/div>\n\t\t\t\t\t<\/div>\n\t\t<\/section>\n\t\t\t\t<\/div>","protected":false},"excerpt":{"rendered":"<p>fichier m\u00e9lange temporaire 2021Court-m\u00e9trage 3D06&Prime; J\u2019ai d\u00e9m\u00e9nag\u00e9 \u00e0 Cergy. Ma chambre, temporaire, est petite. Je [&hellip;]<\/p>","protected":false},"author":1,"featured_media":0,"parent":0,"menu_order":0,"comment_status":"closed","ping_status":"closed","template":"template-page-builder.php","meta":[],"_links":{"self":[{"href":"https:\/\/nathanghali.com\/en\/wp-json\/wp\/v2\/pages\/1545"}],"collection":[{"href":"https:\/\/nathanghali.com\/en\/wp-json\/wp\/v2\/pages"}],"about":[{"href":"https:\/\/nathanghali.com\/en\/wp-json\/wp\/v2\/types\/page"}],"author":[{"embeddable":true,"href":"https:\/\/nathanghali.com\/en\/wp-json\/wp\/v2\/users\/1"}],"replies":[{"embeddable":true,"href":"https:\/\/nathanghali.com\/en\/wp-json\/wp\/v2\/comments?post=1545"}],"version-history":[{"count":31,"href":"https:\/\/nathanghali.com\/en\/wp-json\/wp\/v2\/pages\/1545\/revisions"}],"predecessor-version":[{"id":2080,"href":"https:\/\/nathanghali.com\/en\/wp-json\/wp\/v2\/pages\/1545\/revisions\/2080"}],"wp:attachment":[{"href":"https:\/\/nathanghali.com\/en\/wp-json\/wp\/v2\/media?parent=1545"}],"curies":[{"name":"wp","href":"https:\/\/api.w.org\/{rel}","templated":true}]}}