{"id":1535,"date":"2022-12-04T00:55:01","date_gmt":"2022-12-04T00:55:01","guid":{"rendered":"http:\/\/nathanghali.com\/?page_id=1535"},"modified":"2024-11-28T13:37:06","modified_gmt":"2024-11-28T13:37:06","slug":"les-animaux-vont-mieux","status":"publish","type":"page","link":"https:\/\/nathanghali.com\/en\/les-animaux-vont-mieux\/","title":{"rendered":"Les animaux vont mieux"},"content":{"rendered":"<div data-elementor-type=\"wp-page\" data-elementor-id=\"1535\" class=\"elementor elementor-1535\">\n\t\t\t\t\t\t<section class=\"elementor-section elementor-top-section elementor-element elementor-element-e0a7662 elementor-section-boxed elementor-section-height-default elementor-section-height-default\" data-id=\"e0a7662\" data-element_type=\"section\">\n\t\t\t\t\t\t<div class=\"elementor-container elementor-column-gap-default\">\n\t\t\t\t\t<div class=\"elementor-column elementor-col-50 elementor-top-column elementor-element elementor-element-1a7a565\" data-id=\"1a7a565\" data-element_type=\"column\">\n\t\t\t<div class=\"elementor-widget-wrap elementor-element-populated\">\n\t\t\t\t\t\t<div class=\"elementor-element elementor-element-49f27fe elementor-widget elementor-widget-image\" data-id=\"49f27fe\" data-element_type=\"widget\" data-widget_type=\"image.default\">\n\t\t\t\t<div class=\"elementor-widget-container\">\n\t\t\t\t\t\t\t\t\t\t\t\t\t<img fetchpriority=\"high\" decoding=\"async\" width=\"819\" height=\"1024\" src=\"https:\/\/nathanghali.com\/wp-content\/uploads\/2024\/01\/LAVM_5x4-819x1024.jpg\" class=\"attachment-large size-large wp-image-1870\" alt=\"\" srcset=\"https:\/\/nathanghali.com\/wp-content\/uploads\/2024\/01\/LAVM_5x4-819x1024.jpg 819w, https:\/\/nathanghali.com\/wp-content\/uploads\/2024\/01\/LAVM_5x4-240x300.jpg 240w, https:\/\/nathanghali.com\/wp-content\/uploads\/2024\/01\/LAVM_5x4-768x960.jpg 768w, https:\/\/nathanghali.com\/wp-content\/uploads\/2024\/01\/LAVM_5x4-1229x1536.jpg 1229w, https:\/\/nathanghali.com\/wp-content\/uploads\/2024\/01\/LAVM_5x4-1638x2048.jpg 1638w, https:\/\/nathanghali.com\/wp-content\/uploads\/2024\/01\/LAVM_5x4-10x12.jpg 10w, https:\/\/nathanghali.com\/wp-content\/uploads\/2024\/01\/LAVM_5x4-500x625.jpg 500w, https:\/\/nathanghali.com\/wp-content\/uploads\/2024\/01\/LAVM_5x4-800x1000.jpg 800w, https:\/\/nathanghali.com\/wp-content\/uploads\/2024\/01\/LAVM_5x4-1280x1600.jpg 1280w, https:\/\/nathanghali.com\/wp-content\/uploads\/2024\/01\/LAVM_5x4-1920x2400.jpg 1920w, https:\/\/nathanghali.com\/wp-content\/uploads\/2024\/01\/LAVM_5x4-scaled.jpg 2048w\" sizes=\"(max-width: 819px) 100vw, 819px\" \/>\t\t\t\t\t\t\t\t\t\t\t\t\t<\/div>\n\t\t\t\t<\/div>\n\t\t\t\t\t<\/div>\n\t\t<\/div>\n\t\t\t\t<div class=\"elementor-column elementor-col-50 elementor-top-column elementor-element elementor-element-d76fdb2\" data-id=\"d76fdb2\" data-element_type=\"column\">\n\t\t\t<div class=\"elementor-widget-wrap elementor-element-populated\">\n\t\t\t\t\t\t<div class=\"elementor-element elementor-element-af5aa45 elementor-widget elementor-widget-heading\" data-id=\"af5aa45\" data-element_type=\"widget\" data-widget_type=\"heading.default\">\n\t\t\t\t<div class=\"elementor-widget-container\">\n\t\t\t<h2 class=\"elementor-heading-title elementor-size-default\">les animaux vont mieux<\/h2>\t\t<\/div>\n\t\t\t\t<\/div>\n\t\t\t\t<div class=\"elementor-element elementor-element-b6d1ac1 elementor-widget elementor-widget-text-editor\" data-id=\"b6d1ac1\" data-element_type=\"widget\" data-widget_type=\"text-editor.default\">\n\t\t\t\t<div class=\"elementor-widget-container\">\n\t\t\t\t\t\t\t<p style=\"text-align: right;\"><span dir=\"ltr\" style=\"color: #000000;\" role=\"presentation\">2023<\/span><br role=\"presentation\" \/><span dir=\"ltr\" style=\"color: #000000;\" role=\"presentation\">3D short film<\/span><br \/><span style=\"color: #000000;\">Production : Le G.R.E.C<\/span><br role=\"presentation\" \/><span dir=\"ltr\" style=\"color: #000000;\" role=\"presentation\">25&Prime;<br \/><\/span><\/p><p><br role=\"presentation\" \/><span style=\"color: #000000;\"><span dir=\"ltr\" role=\"presentation\">Les<\/span> <span dir=\"ltr\" role=\"presentation\">chats<\/span> <span dir=\"ltr\" role=\"presentation\">sont<\/span> <span dir=\"ltr\" role=\"presentation\">partis de la maison.<\/span><\/span><br role=\"presentation\" \/><span style=\"color: #000000;\"><span dir=\"ltr\" role=\"presentation\">Le renard<\/span> <span dir=\"ltr\" role=\"presentation\">n\u2019ose plus traverser la<\/span> <span dir=\"ltr\" role=\"presentation\">route.<\/span><\/span><br role=\"presentation\" \/><span style=\"color: #000000;\"><span dir=\"ltr\" role=\"presentation\">La biche<\/span> <span dir=\"ltr\" role=\"presentation\">sursaute lorsqu\u2019on l\u2019approche.<\/span><\/span><\/p><p><br role=\"presentation\" \/><span style=\"color: #000000;\"><span dir=\"ltr\" role=\"presentation\">Une<\/span> <span dir=\"ltr\" role=\"presentation\">myst\u00e9rieuse<\/span> <span dir=\"ltr\" role=\"presentation\">communaut\u00e9<\/span> <span dir=\"ltr\" role=\"presentation\">d\u2019animaux<\/span> <span dir=\"ltr\" role=\"presentation\">s\u2019affaire<\/span> <span dir=\"ltr\" role=\"presentation\">\u00e0<\/span> <span dir=\"ltr\" role=\"presentation\">des<\/span> <span dir=\"ltr\" role=\"presentation\">rituels<\/span> <span dir=\"ltr\" role=\"presentation\">dans<\/span> <span dir=\"ltr\" role=\"presentation\">les<\/span> <span dir=\"ltr\" role=\"presentation\">sous-sols<\/span> <span dir=\"ltr\" role=\"presentation\">d\u2019une<\/span> <span dir=\"ltr\" role=\"presentation\">\u00e9glise,<\/span> <span dir=\"ltr\" role=\"presentation\">\u00e0<\/span> <span dir=\"ltr\" role=\"presentation\">l\u2019abri<\/span> <span dir=\"ltr\" role=\"presentation\">des<\/span> <span dir=\"ltr\" role=\"presentation\">humains.<\/span> <span dir=\"ltr\" role=\"presentation\">Ces<\/span> <span dir=\"ltr\" role=\"presentation\">animaux<\/span><span dir=\"ltr\" role=\"presentation\"> ont<\/span> <span dir=\"ltr\" role=\"presentation\">fait<\/span> <span dir=\"ltr\" role=\"presentation\">le<\/span> <span dir=\"ltr\" role=\"presentation\">choix de vivre en autarcie dans cette cave.<\/span><span dir=\"ltr\" role=\"presentation\"> Ils racontent un \u00e0 un leur histoire personnelle, alternant entre translation de mon v\u00e9cu, r\u00e9cit autobiographique narr\u00e9 du point<\/span><span dir=\"ltr\" role=\"presentation\"> de vue<\/span> <span dir=\"ltr\" role=\"presentation\">d\u2019un<\/span> <span dir=\"ltr\" role=\"presentation\">chat, r\u00e9cit documentaire et fiction totale.<\/span><span dir=\"ltr\" role=\"presentation\"><br \/><\/span><\/span><\/p><p class=\" translation-block\"><span style=\"color: #000000\">The different narratives explore relationships between humans, as well as between humans and animals: Did the cat that lived at my mother\u2019s during my childhood truly like me? Would it have liked me if it understood what I was saying? Do the cats that have left the house think of me from time to time?<\/p><p><span dir=\"ltr\" style=\"color: #000000;\" role=\"presentation\">\u00a0<\/span><\/p><p><span style=\"color: #000000;\">Festivals (non exhaustif) :<\/span><br \/><span style=\"color: #000000;\">2024.02 \/\/ Berlinale\u00a0 ( Germany )<\/span><br \/><span style=\"color: #000000;\">2024.03 \/\/ Festival Regard ( Canada )<\/span><br \/><span style=\"color: #000000;\">2024.04 \/\/ Go Short ( Netherlands )<\/span><br \/><span style=\"color: #000000;\">2024.05 \/\/ Diriyah Biennale ( Saudi Arabia )<\/span><br \/><span style=\"color: #000000;\">2024.06 \/\/ C\u00f4t\u00e9 Court ( France )<\/span><br \/><span style=\"color: #000000;\">2024.07 \/\/ Curtas Vila do Conde ( Portugal ) &#8211; <strong>Best animation Award<\/strong><\/span><br \/><span style=\"color: #000000;\">2024.07 \/\/ Lago Film Fest ( Italy ) &#8211; <strong>Princ\u00ecp\u00ee Award, Ritmi Visivi Award<br \/><\/strong>2024.08 \/\/ Telluride film festival (Etats-Unis)<\/span><br \/><span style=\"color: #000000;\">2024.10 \/\/ Bucheon International Animation Festival ( South Korea )<br \/>2024.10 \/\/ FIFIB (France)<br \/>2024.10 \/\/ Un festival c\u2019est trop court (France)<br \/><\/span><\/p>\t\t\t\t\t\t<\/div>\n\t\t\t\t<\/div>\n\t\t\t\t\t<\/div>\n\t\t<\/div>\n\t\t\t\t\t<\/div>\n\t\t<\/section>\n\t\t\t\t<section class=\"elementor-section elementor-top-section elementor-element elementor-element-93c36e2 elementor-section-boxed elementor-section-height-default elementor-section-height-default\" data-id=\"93c36e2\" data-element_type=\"section\">\n\t\t\t\t\t\t<div class=\"elementor-container elementor-column-gap-default\">\n\t\t\t\t\t<div class=\"elementor-column elementor-col-100 elementor-top-column elementor-element elementor-element-5ce5a4f\" data-id=\"5ce5a4f\" data-element_type=\"column\">\n\t\t\t<div class=\"elementor-widget-wrap elementor-element-populated\">\n\t\t\t\t\t\t<div class=\"elementor-element elementor-element-381d5f7 elementor-widget elementor-widget-spacer\" data-id=\"381d5f7\" data-element_type=\"widget\" data-widget_type=\"spacer.default\">\n\t\t\t\t<div class=\"elementor-widget-container\">\n\t\t\t\t\t<div class=\"elementor-spacer\">\n\t\t\t<div class=\"elementor-spacer-inner\"><\/div>\n\t\t<\/div>\n\t\t\t\t<\/div>\n\t\t\t\t<\/div>\n\t\t\t\t\t<\/div>\n\t\t<\/div>\n\t\t\t\t\t<\/div>\n\t\t<\/section>\n\t\t\t\t<section class=\"elementor-section elementor-top-section elementor-element elementor-element-80c1ced elementor-section-boxed elementor-section-height-default elementor-section-height-default\" data-id=\"80c1ced\" data-element_type=\"section\">\n\t\t\t\t\t\t<div class=\"elementor-container elementor-column-gap-default\">\n\t\t\t\t\t<div class=\"elementor-column elementor-col-100 elementor-top-column elementor-element elementor-element-fb9f026\" data-id=\"fb9f026\" data-element_type=\"column\">\n\t\t\t<div class=\"elementor-widget-wrap elementor-element-populated\">\n\t\t\t\t\t\t<div class=\"elementor-element elementor-element-f58aad1 elementor-widget elementor-widget-video\" data-id=\"f58aad1\" data-element_type=\"widget\" data-settings=\"{&quot;youtube_url&quot;:&quot;https:\\\/\\\/www.youtube.com\\\/watch?v=iEkUqaxgya8&amp;feature=youtu.be&quot;,&quot;video_type&quot;:&quot;youtube&quot;,&quot;controls&quot;:&quot;yes&quot;}\" data-widget_type=\"video.default\">\n\t\t\t\t<div class=\"elementor-widget-container\">\n\t\t\t\t\t<div class=\"elementor-wrapper elementor-open-inline\">\n\t\t\t<div class=\"elementor-video\"><\/div>\t\t<\/div>\n\t\t\t\t<\/div>\n\t\t\t\t<\/div>\n\t\t\t\t\t<\/div>\n\t\t<\/div>\n\t\t\t\t\t<\/div>\n\t\t<\/section>\n\t\t\t\t<section class=\"elementor-section elementor-top-section elementor-element elementor-element-d7e3749 elementor-section-boxed elementor-section-height-default elementor-section-height-default\" data-id=\"d7e3749\" data-element_type=\"section\">\n\t\t\t\t\t\t<div class=\"elementor-container elementor-column-gap-default\">\n\t\t\t\t\t<div class=\"elementor-column elementor-col-33 elementor-top-column elementor-element elementor-element-66e1437\" data-id=\"66e1437\" data-element_type=\"column\">\n\t\t\t<div class=\"elementor-widget-wrap elementor-element-populated\">\n\t\t\t\t\t\t<div class=\"elementor-element elementor-element-d59d05d elementor-widget elementor-widget-image\" data-id=\"d59d05d\" data-element_type=\"widget\" data-widget_type=\"image.default\">\n\t\t\t\t<div class=\"elementor-widget-container\">\n\t\t\t\t\t\t\t\t\t\t\t\t\t<img decoding=\"async\" width=\"1920\" height=\"1080\" src=\"https:\/\/nathanghali.com\/wp-content\/uploads\/2022\/12\/Untitled_2.12.1-1.jpg\" class=\"attachment-full size-full wp-image-1510\" alt=\"\" srcset=\"https:\/\/nathanghali.com\/wp-content\/uploads\/2022\/12\/Untitled_2.12.1-1.jpg 1920w, https:\/\/nathanghali.com\/wp-content\/uploads\/2022\/12\/Untitled_2.12.1-1-300x169.jpg 300w, https:\/\/nathanghali.com\/wp-content\/uploads\/2022\/12\/Untitled_2.12.1-1-1024x576.jpg 1024w, https:\/\/nathanghali.com\/wp-content\/uploads\/2022\/12\/Untitled_2.12.1-1-768x432.jpg 768w, https:\/\/nathanghali.com\/wp-content\/uploads\/2022\/12\/Untitled_2.12.1-1-1536x864.jpg 1536w, https:\/\/nathanghali.com\/wp-content\/uploads\/2022\/12\/Untitled_2.12.1-1-500x281.jpg 500w, https:\/\/nathanghali.com\/wp-content\/uploads\/2022\/12\/Untitled_2.12.1-1-800x450.jpg 800w, https:\/\/nathanghali.com\/wp-content\/uploads\/2022\/12\/Untitled_2.12.1-1-1280x720.jpg 1280w\" sizes=\"(max-width: 1920px) 100vw, 1920px\" \/>\t\t\t\t\t\t\t\t\t\t\t\t\t<\/div>\n\t\t\t\t<\/div>\n\t\t\t\t\t<\/div>\n\t\t<\/div>\n\t\t\t\t<div class=\"elementor-column elementor-col-33 elementor-top-column elementor-element elementor-element-26430e8\" data-id=\"26430e8\" data-element_type=\"column\">\n\t\t\t<div class=\"elementor-widget-wrap elementor-element-populated\">\n\t\t\t\t\t\t<div class=\"elementor-element elementor-element-b2f83f2 elementor-widget elementor-widget-image\" data-id=\"b2f83f2\" data-element_type=\"widget\" data-widget_type=\"image.default\">\n\t\t\t\t<div class=\"elementor-widget-container\">\n\t\t\t\t\t\t\t\t\t\t\t\t\t<img decoding=\"async\" width=\"1920\" height=\"1080\" src=\"https:\/\/nathanghali.com\/wp-content\/uploads\/2023\/08\/Untitled_5.34.1.jpg\" class=\"attachment-full size-full wp-image-1745\" alt=\"\" srcset=\"https:\/\/nathanghali.com\/wp-content\/uploads\/2023\/08\/Untitled_5.34.1.jpg 1920w, https:\/\/nathanghali.com\/wp-content\/uploads\/2023\/08\/Untitled_5.34.1-300x169.jpg 300w, https:\/\/nathanghali.com\/wp-content\/uploads\/2023\/08\/Untitled_5.34.1-1024x576.jpg 1024w, https:\/\/nathanghali.com\/wp-content\/uploads\/2023\/08\/Untitled_5.34.1-768x432.jpg 768w, https:\/\/nathanghali.com\/wp-content\/uploads\/2023\/08\/Untitled_5.34.1-1536x864.jpg 1536w, https:\/\/nathanghali.com\/wp-content\/uploads\/2023\/08\/Untitled_5.34.1-500x281.jpg 500w, https:\/\/nathanghali.com\/wp-content\/uploads\/2023\/08\/Untitled_5.34.1-800x450.jpg 800w, https:\/\/nathanghali.com\/wp-content\/uploads\/2023\/08\/Untitled_5.34.1-1280x720.jpg 1280w\" sizes=\"(max-width: 1920px) 100vw, 1920px\" \/>\t\t\t\t\t\t\t\t\t\t\t\t\t<\/div>\n\t\t\t\t<\/div>\n\t\t\t\t\t<\/div>\n\t\t<\/div>\n\t\t\t\t<div class=\"elementor-column elementor-col-33 elementor-top-column elementor-element elementor-element-f0d1e29\" data-id=\"f0d1e29\" data-element_type=\"column\">\n\t\t\t<div class=\"elementor-widget-wrap elementor-element-populated\">\n\t\t\t\t\t\t<div class=\"elementor-element elementor-element-bfc2cbf elementor-widget elementor-widget-image\" data-id=\"bfc2cbf\" data-element_type=\"widget\" data-widget_type=\"image.default\">\n\t\t\t\t<div class=\"elementor-widget-container\">\n\t\t\t\t\t\t\t\t\t\t\t\t\t<img loading=\"lazy\" decoding=\"async\" width=\"1920\" height=\"1080\" src=\"https:\/\/nathanghali.com\/wp-content\/uploads\/2022\/12\/Untitled_2.9.1.jpg\" class=\"attachment-full size-full wp-image-1569\" alt=\"\" srcset=\"https:\/\/nathanghali.com\/wp-content\/uploads\/2022\/12\/Untitled_2.9.1.jpg 1920w, https:\/\/nathanghali.com\/wp-content\/uploads\/2022\/12\/Untitled_2.9.1-300x169.jpg 300w, https:\/\/nathanghali.com\/wp-content\/uploads\/2022\/12\/Untitled_2.9.1-1024x576.jpg 1024w, https:\/\/nathanghali.com\/wp-content\/uploads\/2022\/12\/Untitled_2.9.1-768x432.jpg 768w, https:\/\/nathanghali.com\/wp-content\/uploads\/2022\/12\/Untitled_2.9.1-1536x864.jpg 1536w, https:\/\/nathanghali.com\/wp-content\/uploads\/2022\/12\/Untitled_2.9.1-500x281.jpg 500w, https:\/\/nathanghali.com\/wp-content\/uploads\/2022\/12\/Untitled_2.9.1-800x450.jpg 800w, https:\/\/nathanghali.com\/wp-content\/uploads\/2022\/12\/Untitled_2.9.1-1280x720.jpg 1280w\" sizes=\"(max-width: 1920px) 100vw, 1920px\" \/>\t\t\t\t\t\t\t\t\t\t\t\t\t<\/div>\n\t\t\t\t<\/div>\n\t\t\t\t\t<\/div>\n\t\t<\/div>\n\t\t\t\t\t<\/div>\n\t\t<\/section>\n\t\t\t\t<\/div>","protected":false},"excerpt":{"rendered":"<p>les animaux vont mieux 2023court-m\u00e9trage d&rsquo;animation 3DProduction : Le G.R.E.C25&Prime; Les chats sont partis de [&hellip;]<\/p>","protected":false},"author":1,"featured_media":0,"parent":0,"menu_order":0,"comment_status":"closed","ping_status":"closed","template":"template-page-builder.php","meta":[],"_links":{"self":[{"href":"https:\/\/nathanghali.com\/en\/wp-json\/wp\/v2\/pages\/1535"}],"collection":[{"href":"https:\/\/nathanghali.com\/en\/wp-json\/wp\/v2\/pages"}],"about":[{"href":"https:\/\/nathanghali.com\/en\/wp-json\/wp\/v2\/types\/page"}],"author":[{"embeddable":true,"href":"https:\/\/nathanghali.com\/en\/wp-json\/wp\/v2\/users\/1"}],"replies":[{"embeddable":true,"href":"https:\/\/nathanghali.com\/en\/wp-json\/wp\/v2\/comments?post=1535"}],"version-history":[{"count":94,"href":"https:\/\/nathanghali.com\/en\/wp-json\/wp\/v2\/pages\/1535\/revisions"}],"predecessor-version":[{"id":2215,"href":"https:\/\/nathanghali.com\/en\/wp-json\/wp\/v2\/pages\/1535\/revisions\/2215"}],"wp:attachment":[{"href":"https:\/\/nathanghali.com\/en\/wp-json\/wp\/v2\/media?parent=1535"}],"curies":[{"name":"wp","href":"https:\/\/api.w.org\/{rel}","templated":true}]}}